{"id":14143,"date":"2024-05-06T11:36:18","date_gmt":"2024-05-06T09:36:18","guid":{"rendered":"http:\/\/staufenstudios.de\/?page_id=14143"},"modified":"2024-05-06T11:36:19","modified_gmt":"2024-05-06T09:36:19","slug":"impressum","status":"publish","type":"page","link":"https:\/\/staufenstudios.de\/?page_id=14143","title":{"rendered":"Impressum"},"content":{"rendered":"\n<p>StaufenStudios<br>littlewonders.love GmbH<br>Stuttgarter Stra\u00dfe 134<br>73066 Uhingen<br>Deutschland<br><\/p>\n\n\n\n<p>Tel.: 0176\/64780460<br>E-Mail:\u00a0info@staufenstudios.de<br>Gesch\u00e4ftsf\u00fchrer: Manuel G\u00f6tz<\/p>\n\n\n\n<p>Registergericht: Ulm<br>Registernummer: HRB 736543<\/p>\n\n\n\n<p>Umsatzsteuer-Identifikationsnummer gem\u00e4\u00df \u00a7 27 a Umsatzsteuergesetz: DE317770990<\/p>\n","protected":false},"excerpt":{"rendered":"<p>StaufenStudioslittlewonders.love GmbHStuttgarter Stra\u00dfe 13473066 UhingenDeutschland Tel.: 0176\/64780460E-Mail:\u00a0info@staufenstudios.deGesch\u00e4ftsf\u00fchrer: Manuel G\u00f6tz Registergericht: UlmRegisternummer: HRB 736543 Umsatzsteuer-Identifikationsnummer gem\u00e4\u00df \u00a7 27 a Umsatzsteuergesetz: DE317770990<\/p>\n","protected":false},"author":1,"featured_media":0,"parent":0,"menu_order":0,"comment_status":"closed","ping_status":"closed","template":"","meta":{"footnotes":""},"class_list":["post-14143","page","type-page","status-publish","hentry"],"_links":{"self":[{"href":"https:\/\/staufenstudios.de\/index.php?rest_route=\/wp\/v2\/pages\/14143","targetHints":{"allow":["GET"]}}],"collection":[{"href":"https:\/\/staufenstudios.de\/index.php?rest_route=\/wp\/v2\/pages"}],"about":[{"href":"https:\/\/staufenstudios.de\/index.php?rest_route=\/wp\/v2\/types\/page"}],"author":[{"embeddable":true,"href":"https:\/\/staufenstudios.de\/index.php?rest_route=\/wp\/v2\/users\/1"}],"replies":[{"embeddable":true,"href":"https:\/\/staufenstudios.de\/index.php?rest_route=%2Fwp%2Fv2%2Fcomments&post=14143"}],"version-history":[{"count":1,"href":"https:\/\/staufenstudios.de\/index.php?rest_route=\/wp\/v2\/pages\/14143\/revisions"}],"predecessor-version":[{"id":14144,"href":"https:\/\/staufenstudios.de\/index.php?rest_route=\/wp\/v2\/pages\/14143\/revisions\/14144"}],"wp:attachment":[{"href":"https:\/\/staufenstudios.de\/index.php?rest_route=%2Fwp%2Fv2%2Fmedia&parent=14143"}],"curies":[{"name":"wp","href":"https:\/\/api.w.org\/{rel}","templated":true}]}}